{"id":3472,"date":"2023-10-04T11:48:13","date_gmt":"2023-10-04T11:48:13","guid":{"rendered":"https:\/\/persimon.eu\/?page_id=3472"},"modified":"2023-10-16T15:36:34","modified_gmt":"2023-10-16T15:36:34","slug":"home-2023","status":"publish","type":"page","link":"https:\/\/kaki.persimon.eu\/de\/","title":{"rendered":"Home 2023"},"content":{"rendered":"<p>[et_pb_section fb_built=&#8220;1&#8243; admin_label=&#8220;CONTENIDO&#8220; module_class=&#8220;ds-vertical-align&#8220; _builder_version=&#8220;4.22.2&#8243; background_color=&#8220;rgba(0,0,0,0)&#8220; width=&#8220;100%&#8220; module_alignment=&#8220;center&#8220; min_height=&#8220;90vh&#8220; custom_margin=&#8220;||0px||false|false&#8220; custom_padding=&#8220;||0px||false|false&#8220; global_colors_info=&#8220;{}&#8220; custom_css_main_element_last_edited=&#8220;off|desktop&#8220; custom_css_main_element_phone=&#8220;z-index: 10;||top: 0;||left: 0;||position: absolute;||min-height: 120vh;||display: flex;||flex-direction: column;&#8220; custom_css_main_element_tablet=&#8220;z-index: 10;||top: 0;||left: 0;||position: absolute;||min-height: 100vh;||display: flex;||flex-direction: column;&#8220;][et_pb_row column_structure=&#8220;1_4,1_2,1_4&#8243; make_equal=&#8220;on&#8220; module_class=&#8220;movil_column_reverse&#8220; _builder_version=&#8220;4.22.2&#8243; z_index=&#8220;99&#8243; max_width=&#8220;2560px&#8220; custom_margin=&#8220;0px||0px||false|false&#8220; custom_padding=&#8220;0px||0px||false|false&#8220; global_colors_info=&#8220;{}&#8220;][et_pb_column type=&#8220;1_4&#8243; module_class=&#8220;ds-vertical-align img3dkaki_movil&#8220; _builder_version=&#8220;4.16&#8243; background_enable_image=&#8220;off&#8220; custom_css_main_element=&#8220;min-height: 200px;&#8220; global_colors_info=&#8220;{}&#8220;][\/et_pb_column][et_pb_column type=&#8220;1_2&#8243; module_id=&#8220;home_leftColumn&#8220; _builder_version=&#8220;4.16&#8243; global_colors_info=&#8220;{}&#8220;][et_pb_divider divider_style=&#8220;none&#8220; module_class=&#8220;separadorTitular&#8220; _builder_version=&#8220;4.16&#8243; custom_margin=&#8220;0px||0px||false|false&#8220; global_colors_info=&#8220;{}&#8220;][\/et_pb_divider][et_pb_text module_class=&#8220;kaki-titular&#8220; _builder_version=&#8220;4.20.4&#8243; header_font_size=&#8220;60px&#8220; custom_margin=&#8220;||0px||false|false&#8220; custom_padding=&#8220;|50px||50px|false|true&#8220; custom_padding_tablet=&#8220;|50px||50px|false|true&#8220; custom_padding_phone=&#8220;|20px||20px|false|true&#8220; custom_padding_last_edited=&#8220;on|phone&#8220; global_colors_info=&#8220;{}&#8220;]<\/p>\n<h1>Kaki Persimon\u00ae<\/h1>\n<p>[\/et_pb_text][et_pb_text module_class=&#8220;bloqueTexto80&#8243; _builder_version=&#8220;4.20.4&#8243; custom_margin=&#8220;0px||||false|false&#8220; custom_padding=&#8220;40px|50px|40px|50px|true|true&#8220; custom_padding_tablet=&#8220;40px|50px|40px|50px|true|true&#8220; custom_padding_phone=&#8220;40px|20px|40px|20px|true|true&#8220; custom_padding_last_edited=&#8220;on|phone&#8220; global_colors_info=&#8220;{}&#8220;]<\/p>\n<h2>Die Kaki mit der gesch\u00fctzten Ursprungsbezeichnung (g.U.) Ribera del X\u00faquer<\/h2>\n<p>Willkommen in der faszinierenden Welt der Kaki Persimon\u00ae. Wenn Sie auf diese Website gelangt sind, dann deshalb, weil Sie diese k\u00f6stliche Frucht schon probiert haben; falls dies noch nicht der Fall sein sollte, worauf warten Sie dann noch? Auf unserer Website werden Sie alles finden, was mit unseren Kakis mit der gesch\u00fctzten Herkunftsbezeichnung \u201eRibera del X\u00faquer\u201c zu tun hat. Begleiten Sie uns auf dieser Reise, auf der Sie erfahren werden, wer hinter unserer Ursprungsbezeichnung steht und was unsere Kakis so besonders macht. Dar\u00fcber hinaus stellen wir Ihnen viele Rezepte vor, die Ihnen dabei helfen werden, eine ebenso s\u00fc\u00dfe wie besondere Frucht wiederzuentdecken.<\/p>\n<p>[\/et_pb_text][\/et_pb_column][et_pb_column type=&#8220;1_4&#8243; _builder_version=&#8220;4.16&#8243; background_enable_image=&#8220;off&#8220; custom_css_main_element=&#8220;display: flex;||flex-direction: column;||justify-content: center;&#8220; global_colors_info=&#8220;{}&#8220;][\/et_pb_column][\/et_pb_row][et_pb_row column_structure=&#8220;1_4,1_4,1_4,1_4&#8243; custom_padding_last_edited=&#8220;on|phone&#8220; _builder_version=&#8220;4.22.2&#8243; _module_preset=&#8220;default&#8220; transform_scale_last_edited=&#8220;off|phone&#8220; transform_translate_last_edited=&#8220;off|phone&#8220; transform_rotate_last_edited=&#8220;off|phone&#8220; transform_skew_last_edited=&#8220;off|phone&#8220; transform_origin_last_edited=&#8220;off|phone&#8220; transform_styles_last_edited=&#8220;off|phone&#8220; z_index=&#8220;10&#8243; custom_margin=&#8220;-300px||-150px||false|false&#8220; custom_margin_tablet=&#8220;-300px||-150px||false|false&#8220; custom_margin_phone=&#8220;-100vh||96px||false|false&#8220; custom_margin_last_edited=&#8220;on|phone&#8220; custom_padding=&#8220;0px||0px||true|false&#8220; custom_padding_tablet=&#8220;0px||0px||true|false&#8220; custom_padding_phone=&#8220;|16px||16px|true|true&#8220; z_index_tablet=&#8220;10&#8243; z_index_phone=&#8220;0&#8243; z_index_last_edited=&#8220;on|phone&#8220; global_colors_info=&#8220;{}&#8220;][et_pb_column type=&#8220;1_4&#8243; _builder_version=&#8220;4.22.2&#8243; _module_preset=&#8220;default&#8220; global_colors_info=&#8220;{}&#8220;][et_pb_image src=&#8220;https:\/\/kaki.persimon.eu\/wp-content\/uploads\/2023\/10\/kaki-mano-sello.png&#8220; title_text=&#8220;kaki-mano-sello&#8220; _builder_version=&#8220;4.22.2&#8243; _module_preset=&#8220;default&#8220; transform_scale_tablet=&#8220;&#8220; transform_scale_phone=&#8220;&#8220; transform_scale_last_edited=&#8220;on|desktop&#8220; transform_translate_tablet=&#8220;&#8220; transform_translate_phone=&#8220;64px|160px&#8220; transform_translate_last_edited=&#8220;on|desktop&#8220; transform_translate_linked_phone=&#8220;off&#8220; transform_rotate_tablet=&#8220;&#8220; transform_rotate_phone=&#8220;0deg|0deg|319deg&#8220; transform_rotate_last_edited=&#8220;on|phone&#8220; transform_skew_tablet=&#8220;&#8220; transform_skew_phone=&#8220;&#8220; transform_skew_last_edited=&#8220;on|desktop&#8220; transform_origin_tablet=&#8220;&#8220; transform_origin_phone=&#8220;&#8220; transform_origin_last_edited=&#8220;on|desktop&#8220; transform_styles_last_edited=&#8220;on|phone&#8220; custom_margin=&#8220;0px||0px||true|false&#8220; custom_padding=&#8220;0px||0px||true|false&#8220; animation_style=&#8220;slide&#8220; animation_direction=&#8220;bottom&#8220; animation_duration=&#8220;2000ms&#8220; hover_enabled=&#8220;0&#8243; transform_styles_tablet=&#8220;&#8220; transform_styles_phone=&#8220;&#8220; animation_direction_tablet=&#8220;bottom&#8220; animation_direction_phone=&#8220;right&#8220; animation_direction_last_edited=&#8220;on|phone&#8220; global_colors_info=&#8220;{}&#8220; sticky_enabled=&#8220;0&#8243;][\/et_pb_image][\/et_pb_column][et_pb_column type=&#8220;1_4&#8243; _builder_version=&#8220;4.22.2&#8243; _module_preset=&#8220;default&#8220; global_colors_info=&#8220;{}&#8220;][\/et_pb_column][et_pb_column type=&#8220;1_4&#8243; _builder_version=&#8220;4.22.2&#8243; _module_preset=&#8220;default&#8220; global_colors_info=&#8220;{}&#8220;][\/et_pb_column][et_pb_column type=&#8220;1_4&#8243; _builder_version=&#8220;4.22.2&#8243; _module_preset=&#8220;default&#8220; global_colors_info=&#8220;{}&#8220;][et_pb_image src=&#8220;https:\/\/kaki.persimon.eu\/wp-content\/uploads\/2023\/10\/persimon-cortado.png&#8220; title_text=&#8220;persimon-cortado&#8220; disabled_on=&#8220;off|on|off&#8220; _builder_version=&#8220;4.22.2&#8243; _module_preset=&#8220;default&#8220; positioning=&#8220;relative&#8220; vertical_offset_tablet=&#8220;&#8220; vertical_offset_phone=&#8220;64px&#8220; vertical_offset_last_edited=&#8220;on|phone&#8220; horizontal_offset_tablet=&#8220;&#8220; horizontal_offset_phone=&#8220;&#8220; horizontal_offset_last_edited=&#8220;on|phone&#8220; position_origin_a_tablet=&#8220;&#8220; position_origin_a_phone=&#8220;&#8220; position_origin_a_last_edited=&#8220;on|desktop&#8220; position_origin_f_tablet=&#8220;&#8220; position_origin_f_phone=&#8220;&#8220; position_origin_f_last_edited=&#8220;on|desktop&#8220; position_origin_r_tablet=&#8220;&#8220; position_origin_r_phone=&#8220;&#8220; position_origin_r_last_edited=&#8220;on|desktop&#8220; max_width=&#8220;300px&#8220; max_width_tablet=&#8220;300px&#8220; max_width_phone=&#8220;300px&#8220; max_width_last_edited=&#8220;on|desktop&#8220; custom_margin_tablet=&#8220;&#8220; custom_margin_phone=&#8220;&#8220; custom_margin_last_edited=&#8220;on|desktop&#8220; custom_padding_tablet=&#8220;&#8220; custom_padding_phone=&#8220;|32px||32px|false|true&#8220; custom_padding_last_edited=&#8220;on|phone&#8220; animation_style=&#8220;roll&#8220; animation_duration=&#8220;1500ms&#8220; animation_speed_curve=&#8220;ease-out&#8220; positioning_tablet=&#8220;relative&#8220; positioning_phone=&#8220;relative&#8220; positioning_last_edited=&#8220;on|desktop&#8220; global_colors_info=&#8220;{}&#8220;][\/et_pb_image][\/et_pb_column][\/et_pb_row][et_pb_row make_equal=&#8220;on&#8220; _builder_version=&#8220;4.22.2&#8243; _module_preset=&#8220;default&#8220; background_image=&#8220;https:\/\/kaki.persimon.eu\/wp-content\/uploads\/2023\/10\/terreno-ribera-xuquer.png&#8220; background_position=&#8220;top_center&#8220; position_origin_r=&#8220;bottom_right&#8220; z_index=&#8220;9&#8243; width=&#8220;100%&#8220; height=&#8220;320px&#8220; custom_margin=&#8220;0px||-150px||false|false&#8220; custom_margin_tablet=&#8220;||0px||false|false&#8220; custom_margin_phone=&#8220;||0px||false|false&#8220; custom_margin_last_edited=&#8220;on|phone&#8220; custom_padding=&#8220;0px||0px||true|false&#8220; animation_direction=&#8220;right&#8220; background_last_edited=&#8220;on|phone&#8220; background_image_phone=&#8220;https:\/\/kaki.persimon.eu\/wp-content\/uploads\/2023\/10\/terreno-ribera-xuquer.png&#8220; background_enable_image_phone=&#8220;on&#8220; background_position_tablet=&#8220;top_right&#8220; background_position_phone=&#8220;top_right&#8220; global_colors_info=&#8220;{}&#8220;][et_pb_column type=&#8220;4_4&#8243; _builder_version=&#8220;4.22.2&#8243; _module_preset=&#8220;default&#8220; global_colors_info=&#8220;{}&#8220;][\/et_pb_column][\/et_pb_row][\/et_pb_section]<\/p>\n","protected":false},"excerpt":{"rendered":"<p>Kaki Persimon\u00aeDie Kaki mit der gesch\u00fctzten Ursprungsbezeichnung (g.U.) Ribera del X\u00faquer Willkommen in der faszinierenden Welt der Kaki Persimon\u00ae. Wenn Sie auf diese Website gelangt sind, dann deshalb, weil Sie diese k\u00f6stliche Frucht schon probiert haben; falls dies noch nicht der Fall sein sollte, worauf warten Sie dann noch? Auf unserer Website werden Sie alles finden, was mit unseren Kakis mit der gesch\u00fctzten Herkunftsbezeichnung \u201eRibera del X\u00faquer\u201c zu tun hat. Begleiten Sie uns auf dieser Reise, auf der Sie erfahren werden, wer hinter unserer Ursprungsbezeichnung steht und was unsere Kakis so besonders macht. Dar\u00fcber hinaus stellen wir Ihnen viele Rezepte vor, die Ihnen dabei helfen werden, eine ebenso s\u00fc\u00dfe wie besondere Frucht wiederzuentdecken.<\/p>\n","protected":false},"author":1,"featured_media":0,"parent":0,"menu_order":0,"comment_status":"closed","ping_status":"closed","template":"","meta":{"_acf_changed":false,"_et_pb_use_builder":"on","_et_pb_old_content":"","_et_gb_content_width":"","footnotes":""},"class_list":["post-3472","page","type-page","status-publish","hentry"],"acf":[],"yoast_head":"<!-- This site is optimized with the Yoast SEO plugin v27.4 - https:\/\/yoast.com\/product\/yoast-seo-wordpress\/ -->\n<title>Kaki Persimon\u00ae<\/title>\n<meta name=\"description\" content=\"Wenn Sie auf diese Website gelangt sind, dann deshalb, weil Sie diese k\u00f6stliche Frucht schon probiert haben; falls dies noch nicht der Fall sein sollte, worauf warten Sie dann noch?\" \/>\n<meta name=\"robots\" content=\"index, follow, max-snippet:-1, max-image-preview:large, max-video-preview:-1\" \/>\n<link rel=\"canonical\" href=\"https:\/\/kaki.persimon.eu\/de\/\" \/>\n<meta property=\"og:locale\" content=\"de_DE\" \/>\n<meta property=\"og:type\" content=\"article\" \/>\n<meta property=\"og:title\" content=\"Kaki Persimon\u00ae\" \/>\n<meta property=\"og:description\" content=\"Willkommen in der faszinierenden Welt der Kaki Persimon\u00ae. Auf unserer Website werden Sie alles finden, was mit unseren Kakis mit der gesch\u00fctzten Herkunftsbezeichnung \u201eRibera del X\u00faquer\u201c zu tun hat. Begleiten Sie uns auf dieser Reise, auf der Sie erfahren werden, wer hinter unserer Ursprungsbezeichnung steht und was unsere Kakis so besonders macht. Dar\u00fcber hinaus stellen wir Ihnen viele Rezepte vor, die Ihnen dabei helfen werden, eine ebenso s\u00fc\u00dfe wie besondere Frucht wiederzuentdecken.\" \/>\n<meta property=\"og:site_name\" content=\"Kaki Persimon\u00ae\" \/>\n<meta property=\"article:publisher\" content=\"https:\/\/www.facebook.com\/kakipersimonDOP\/\" \/>\n<meta property=\"article:modified_time\" content=\"2023-10-16T15:36:34+00:00\" \/>\n<meta property=\"og:image\" content=\"https:\/\/kaki.persimon.eu\/wp-content\/uploads\/2019\/10\/kaki-fb.png\" \/>\n\t<meta property=\"og:image:width\" content=\"1200\" \/>\n\t<meta property=\"og:image:height\" content=\"630\" \/>\n\t<meta property=\"og:image:type\" content=\"image\/png\" \/>\n<meta name=\"twitter:card\" content=\"summary_large_image\" \/>\n<meta name=\"twitter:title\" content=\"Kaki Persimon\u00ae\" \/>\n<meta name=\"twitter:description\" content=\"Willkommen in der faszinierenden Welt der Kaki Persimon\u00ae. Auf unserer Website werden Sie alles finden, was mit unseren Kakis mit der gesch\u00fctzten Herkunftsbezeichnung \u201eRibera del X\u00faquer\u201c zu tun hat. Begleiten Sie uns auf dieser Reise, auf der Sie erfahren werden, wer hinter unserer Ursprungsbezeichnung steht und was unsere Kakis so besonders macht. Dar\u00fcber hinaus stellen wir Ihnen viele Rezepte vor, die Ihnen dabei helfen werden, eine ebenso s\u00fc\u00dfe wie besondere Frucht wiederzuentdecken.\" \/>\n<meta name=\"twitter:image\" content=\"https:\/\/kaki.persimon.eu\/wp-content\/uploads\/2019\/10\/kaki-tw.png\" \/>\n<meta name=\"twitter:label1\" content=\"Gesch\u00e4tzte Lesezeit\" \/>\n\t<meta name=\"twitter:data1\" content=\"5\u00a0Minuten\" \/>\n<script type=\"application\/ld+json\" class=\"yoast-schema-graph\">{\"@context\":\"https:\\\/\\\/schema.org\",\"@graph\":[{\"@type\":\"WebPage\",\"@id\":\"https:\\\/\\\/kaki.persimon.eu\\\/de\\\/\",\"url\":\"https:\\\/\\\/kaki.persimon.eu\\\/de\\\/\",\"name\":\"Kaki Persimon\u00ae\",\"isPartOf\":{\"@id\":\"https:\\\/\\\/kaki.persimon.eu\\\/de\\\/#website\"},\"datePublished\":\"2023-10-04T11:48:13+00:00\",\"dateModified\":\"2023-10-16T15:36:34+00:00\",\"description\":\"Wenn Sie auf diese Website gelangt sind, dann deshalb, weil Sie diese k\u00f6stliche Frucht schon probiert haben; falls dies noch nicht der Fall sein sollte, worauf warten Sie dann noch?\",\"breadcrumb\":{\"@id\":\"https:\\\/\\\/kaki.persimon.eu\\\/de\\\/#breadcrumb\"},\"inLanguage\":\"de\",\"potentialAction\":[{\"@type\":\"ReadAction\",\"target\":[\"https:\\\/\\\/kaki.persimon.eu\\\/de\\\/\"]}]},{\"@type\":\"BreadcrumbList\",\"@id\":\"https:\\\/\\\/kaki.persimon.eu\\\/de\\\/#breadcrumb\",\"itemListElement\":[{\"@type\":\"ListItem\",\"position\":1,\"name\":\"Inicio\",\"item\":\"https:\\\/\\\/kaki.persimon.eu\\\/de\\\/\"},{\"@type\":\"ListItem\",\"position\":2,\"name\":\"Home 2023\"}]},{\"@type\":\"WebSite\",\"@id\":\"https:\\\/\\\/kaki.persimon.eu\\\/de\\\/#website\",\"url\":\"https:\\\/\\\/kaki.persimon.eu\\\/de\\\/\",\"name\":\"Kaki Persimon\u00ae\",\"description\":\"Kaki Persimon\u00ae la marca de la Denominaci\u00f3n de Origen Protegida \u201cKaki Ribera del X\u00faquer\u201d\",\"publisher\":{\"@id\":\"https:\\\/\\\/kaki.persimon.eu\\\/de\\\/#organization\"},\"potentialAction\":[{\"@type\":\"SearchAction\",\"target\":{\"@type\":\"EntryPoint\",\"urlTemplate\":\"https:\\\/\\\/kaki.persimon.eu\\\/de\\\/?s={search_term_string}\"},\"query-input\":{\"@type\":\"PropertyValueSpecification\",\"valueRequired\":true,\"valueName\":\"search_term_string\"}}],\"inLanguage\":\"de\"},{\"@type\":\"Organization\",\"@id\":\"https:\\\/\\\/kaki.persimon.eu\\\/de\\\/#organization\",\"name\":\"D.O.P Kaki Ribera del X\u00faquer\",\"url\":\"https:\\\/\\\/kaki.persimon.eu\\\/de\\\/\",\"logo\":{\"@type\":\"ImageObject\",\"inLanguage\":\"de\",\"@id\":\"https:\\\/\\\/kaki.persimon.eu\\\/de\\\/#\\\/schema\\\/logo\\\/image\\\/\",\"url\":\"https:\\\/\\\/kaki.persimon.eu\\\/wp-content\\\/uploads\\\/2019\\\/09\\\/logo-dop-kaki.png\",\"contentUrl\":\"https:\\\/\\\/kaki.persimon.eu\\\/wp-content\\\/uploads\\\/2019\\\/09\\\/logo-dop-kaki.png\",\"width\":227,\"height\":227,\"caption\":\"D.O.P Kaki Ribera del X\u00faquer\"},\"image\":{\"@id\":\"https:\\\/\\\/kaki.persimon.eu\\\/de\\\/#\\\/schema\\\/logo\\\/image\\\/\"},\"sameAs\":[\"https:\\\/\\\/www.facebook.com\\\/kakipersimonDOP\\\/\",\"https:\\\/\\\/www.instagram.com\\\/kakipersimon_\\\/\",\"https:\\\/\\\/www.youtube.com\\\/channel\\\/UC7Jcl7rqySAcWf0V1axJ7Bg\"]}]}<\/script>\n<!-- \/ Yoast SEO plugin. -->","yoast_head_json":{"title":"Kaki Persimon\u00ae","description":"Wenn Sie auf diese Website gelangt sind, dann deshalb, weil Sie diese k\u00f6stliche Frucht schon probiert haben; falls dies noch nicht der Fall sein sollte, worauf warten Sie dann noch?","robots":{"index":"index","follow":"follow","max-snippet":"max-snippet:-1","max-image-preview":"max-image-preview:large","max-video-preview":"max-video-preview:-1"},"canonical":"https:\/\/kaki.persimon.eu\/de\/","og_locale":"de_DE","og_type":"article","og_title":"Kaki Persimon\u00ae","og_description":"Willkommen in der faszinierenden Welt der Kaki Persimon\u00ae. Auf unserer Website werden Sie alles finden, was mit unseren Kakis mit der gesch\u00fctzten Herkunftsbezeichnung \u201eRibera del X\u00faquer\u201c zu tun hat. Begleiten Sie uns auf dieser Reise, auf der Sie erfahren werden, wer hinter unserer Ursprungsbezeichnung steht und was unsere Kakis so besonders macht. Dar\u00fcber hinaus stellen wir Ihnen viele Rezepte vor, die Ihnen dabei helfen werden, eine ebenso s\u00fc\u00dfe wie besondere Frucht wiederzuentdecken.","og_site_name":"Kaki Persimon\u00ae","article_publisher":"https:\/\/www.facebook.com\/kakipersimonDOP\/","article_modified_time":"2023-10-16T15:36:34+00:00","og_image":[{"width":1200,"height":630,"url":"https:\/\/kaki.persimon.eu\/wp-content\/uploads\/2019\/10\/kaki-fb.png","type":"image\/png"}],"twitter_card":"summary_large_image","twitter_title":"Kaki Persimon\u00ae","twitter_description":"Willkommen in der faszinierenden Welt der Kaki Persimon\u00ae. Auf unserer Website werden Sie alles finden, was mit unseren Kakis mit der gesch\u00fctzten Herkunftsbezeichnung \u201eRibera del X\u00faquer\u201c zu tun hat. Begleiten Sie uns auf dieser Reise, auf der Sie erfahren werden, wer hinter unserer Ursprungsbezeichnung steht und was unsere Kakis so besonders macht. Dar\u00fcber hinaus stellen wir Ihnen viele Rezepte vor, die Ihnen dabei helfen werden, eine ebenso s\u00fc\u00dfe wie besondere Frucht wiederzuentdecken.","twitter_image":"https:\/\/kaki.persimon.eu\/wp-content\/uploads\/2019\/10\/kaki-tw.png","twitter_misc":{"Gesch\u00e4tzte Lesezeit":"5\u00a0Minuten"},"schema":{"@context":"https:\/\/schema.org","@graph":[{"@type":"WebPage","@id":"https:\/\/kaki.persimon.eu\/de\/","url":"https:\/\/kaki.persimon.eu\/de\/","name":"Kaki Persimon\u00ae","isPartOf":{"@id":"https:\/\/kaki.persimon.eu\/de\/#website"},"datePublished":"2023-10-04T11:48:13+00:00","dateModified":"2023-10-16T15:36:34+00:00","description":"Wenn Sie auf diese Website gelangt sind, dann deshalb, weil Sie diese k\u00f6stliche Frucht schon probiert haben; falls dies noch nicht der Fall sein sollte, worauf warten Sie dann noch?","breadcrumb":{"@id":"https:\/\/kaki.persimon.eu\/de\/#breadcrumb"},"inLanguage":"de","potentialAction":[{"@type":"ReadAction","target":["https:\/\/kaki.persimon.eu\/de\/"]}]},{"@type":"BreadcrumbList","@id":"https:\/\/kaki.persimon.eu\/de\/#breadcrumb","itemListElement":[{"@type":"ListItem","position":1,"name":"Inicio","item":"https:\/\/kaki.persimon.eu\/de\/"},{"@type":"ListItem","position":2,"name":"Home 2023"}]},{"@type":"WebSite","@id":"https:\/\/kaki.persimon.eu\/de\/#website","url":"https:\/\/kaki.persimon.eu\/de\/","name":"Kaki Persimon\u00ae","description":"Kaki Persimon\u00ae la marca de la Denominaci\u00f3n de Origen Protegida \u201cKaki Ribera del X\u00faquer\u201d","publisher":{"@id":"https:\/\/kaki.persimon.eu\/de\/#organization"},"potentialAction":[{"@type":"SearchAction","target":{"@type":"EntryPoint","urlTemplate":"https:\/\/kaki.persimon.eu\/de\/?s={search_term_string}"},"query-input":{"@type":"PropertyValueSpecification","valueRequired":true,"valueName":"search_term_string"}}],"inLanguage":"de"},{"@type":"Organization","@id":"https:\/\/kaki.persimon.eu\/de\/#organization","name":"D.O.P Kaki Ribera del X\u00faquer","url":"https:\/\/kaki.persimon.eu\/de\/","logo":{"@type":"ImageObject","inLanguage":"de","@id":"https:\/\/kaki.persimon.eu\/de\/#\/schema\/logo\/image\/","url":"https:\/\/kaki.persimon.eu\/wp-content\/uploads\/2019\/09\/logo-dop-kaki.png","contentUrl":"https:\/\/kaki.persimon.eu\/wp-content\/uploads\/2019\/09\/logo-dop-kaki.png","width":227,"height":227,"caption":"D.O.P Kaki Ribera del X\u00faquer"},"image":{"@id":"https:\/\/kaki.persimon.eu\/de\/#\/schema\/logo\/image\/"},"sameAs":["https:\/\/www.facebook.com\/kakipersimonDOP\/","https:\/\/www.instagram.com\/kakipersimon_\/","https:\/\/www.youtube.com\/channel\/UC7Jcl7rqySAcWf0V1axJ7Bg"]}]}},"_links":{"self":[{"href":"https:\/\/kaki.persimon.eu\/de\/wp-json\/wp\/v2\/pages\/3472","targetHints":{"allow":["GET"]}}],"collection":[{"href":"https:\/\/kaki.persimon.eu\/de\/wp-json\/wp\/v2\/pages"}],"about":[{"href":"https:\/\/kaki.persimon.eu\/de\/wp-json\/wp\/v2\/types\/page"}],"author":[{"embeddable":true,"href":"https:\/\/kaki.persimon.eu\/de\/wp-json\/wp\/v2\/users\/1"}],"replies":[{"embeddable":true,"href":"https:\/\/kaki.persimon.eu\/de\/wp-json\/wp\/v2\/comments?post=3472"}],"version-history":[{"count":5,"href":"https:\/\/kaki.persimon.eu\/de\/wp-json\/wp\/v2\/pages\/3472\/revisions"}],"predecessor-version":[{"id":3536,"href":"https:\/\/kaki.persimon.eu\/de\/wp-json\/wp\/v2\/pages\/3472\/revisions\/3536"}],"wp:attachment":[{"href":"https:\/\/kaki.persimon.eu\/de\/wp-json\/wp\/v2\/media?parent=3472"}],"curies":[{"name":"wp","href":"https:\/\/api.w.org\/{rel}","templated":true}]}}