{"id":2753,"date":"2020-11-16T16:22:08","date_gmt":"2020-11-16T16:22:08","guid":{"rendered":"https:\/\/persimon.eu\/die-kaki\/"},"modified":"2020-11-30T06:09:33","modified_gmt":"2020-11-30T06:09:33","slug":"die-kaki","status":"publish","type":"page","link":"https:\/\/kaki.persimon.eu\/de\/die-kaki\/","title":{"rendered":"Die Kaki"},"content":{"rendered":"<p>[et_pb_section fb_built=&#8220;1&#8243; admin_label=&#8220;CONTENIDO&#8220; _builder_version=&#8220;4.6.6&#8243; background_color=&#8220;rgba(0,0,0,0)&#8220; custom_margin=&#8220;||||false|false&#8220; custom_padding=&#8220;0px||||false|false&#8220; hover_enabled=&#8220;0&#8243; custom_css_main_element=&#8220;z-index: 10;||top: 0;||left: 0;||min-height: 100vh;||display: flex;||flex-direction: column;||width: 100%;&#8220; sticky_enabled=&#8220;0&#8243;][et_pb_row make_equal=&#8220;on&#8220; disabled_on=&#8220;off|off|off&#8220; admin_label=&#8220;ROW BREADCRUMBS&#8220; _builder_version=&#8220;3.29.3&#8243; max_width=&#8220;2560px&#8220; custom_margin=&#8220;0px||0px||false|false&#8220; custom_padding=&#8220;0px||0px||false|false&#8220;][et_pb_column type=&#8220;4_4&#8243; _builder_version=&#8220;3.29.3&#8243;][et_pb_divider divider_style=&#8220;none&#8220; admin_label=&#8220;separadorTitular&#8220; module_class=&#8220;separadorTitular&#8220; _builder_version=&#8220;3.29.3&#8243; custom_margin=&#8220;0px||0px||false|false&#8220;][\/et_pb_divider][et_pb_code disabled_on=&#8220;on|on|off&#8220; admin_label=&#8220;Breadcrumbs&#8220; _builder_version=&#8220;3.29.3&#8243; custom_margin=&#8220;0px||0px||true|false&#8220;]<p id=\"breadcrumbs\"><span><span><a href=\"https:\/\/kaki.persimon.eu\/de\/\">Inicio<\/a><\/span><\/span><\/p>[\/et_pb_code][et_pb_divider divider_style=&#8220;none&#8220; disabled_on=&#8220;on|on|off&#8220; _builder_version=&#8220;3.29.3&#8243; height=&#8220;40px&#8220; custom_margin=&#8220;0px||0px||false|false&#8220;][\/et_pb_divider][\/et_pb_column][\/et_pb_row][et_pb_row column_structure=&#8220;2_5,3_5&#8243; make_equal=&#8220;on&#8220; _builder_version=&#8220;3.29.3&#8243; max_width=&#8220;2560px&#8220; custom_margin=&#8220;0px||0px||false|false&#8220; custom_padding=&#8220;0px||0px||false|false&#8220;][et_pb_column type=&#8220;2_5&#8243; _builder_version=&#8220;3.29.3&#8243;][et_pb_text admin_label=&#8220;H1&#8243; module_class=&#8220;kaki-titular&#8220; _builder_version=&#8220;3.29.3&#8243; header_font_size=&#8220;60px&#8220; custom_margin=&#8220;||0px||false|false&#8220; custom_padding=&#8220;|50px||50px|false|true&#8220;]<\/p>\n<h1>Die Kaki<\/h1>\n<p>[\/et_pb_text][et_pb_text module_class=&#8220;bloqueTexto80&#8243; _builder_version=&#8220;3.29.3&#8243; custom_margin=&#8220;0px||||false|false&#8220; custom_padding=&#8220;40px|50px|40px|50px|true|true&#8220;]<\/p>\n<h2>Was ist das?<\/h2>\n<p>Die Kaki ist eine s\u00fc\u00dfe und fleischige Frucht asiatischen Ursprungs, die zwischen dem 17. und 19. Jahrhundert ihren Weg nach Europa fand, und die urspr\u00fcnglich als Zierpflanze und aufgrund ihres Holzes (Ebenholz) angebaut wurde, das in der Kunst- und M\u00f6beltischlerei sehr gesch\u00e4tzt wird.<\/p>\n<p>Derzeit konzentriert sich ihr Anbau in Spanien praktisch auf die spanische Ostk\u00fcste, obwohl dieser sich in den letzten Jahren auch auf andere Regionen ausgedehnt hat.<\/p>\n<p>Sie wurde ab dem 7. Jahrhundert in China, ihrem Herkunftsland, angebaut, und breitete sich dann auf Japan und Korea aus, L\u00e4nder, in denen sie sich noch heute in ihrem urspr\u00fcnglichen Zustand befindet und wo es mehr als 2.000 Sorten oder Kultivare bzw. Kulturvariet\u00e4ten gibt.<\/p>\n<p>[\/et_pb_text][\/et_pb_column][et_pb_column type=&#8220;3_5&#8243; _builder_version=&#8220;3.29.3&#8243; background_enable_image=&#8220;off&#8220;][et_pb_text admin_label=&#8220;H2 &#8211; Ciclo de cultivo&#8220; module_class=&#8220;ciclocultivo&#8220; _builder_version=&#8220;3.29.3&#8243; header_2_text_align=&#8220;center&#8220;]<\/p>\n<h2>Erntezyklus<\/h2>\n<p>[\/et_pb_text][dica_divi_carousel show_items_tablet=&#8220;4&#8243; dot_nav=&#8220;on&#8220; equal_height=&#8220;on&#8220; advanced_effect=&#8220;1&#8243; arrow_nav_color=&#8220;#666&#8243; arrow_bg_color=&#8220;rgba(255,255,255,0)&#8220; dots_color=&#8220;rgba(102,102,102,0.9)&#8220; dots_active_color=&#8220;#666&#8243; admin_label=&#8220;Ciclo de Cultivo&#8220; module_class=&#8220;ciclo_cultivo&#8220; _builder_version=&#8220;3.29.3&#8243; background_color=&#8220;rgba(0,0,0,0)&#8220; custom_margin=&#8220;||40px||false|false&#8220;][dica_divi_carouselitem title=&#8220;Winter&#8220; sub_title=&#8220;Beschneiden&#8220; button_url_new_window=&#8220;1&#8243; image=&#8220;https:\/\/kaki.persimon.eu\/wp-content\/uploads\/2019\/10\/invierno.png&#8220; module_class=&#8220;cicloC&#8220; image_padding=&#8220;15px||15px||true|false&#8220; content_padding=&#8220;10px||10px||true|false&#8220; _builder_version=&#8220;3.29.3&#8243; subtitle_text_align=&#8220;center&#8220;][\/dica_divi_carouselitem][dica_divi_carouselitem title=&#8220;Fr\u00fchling&#8220; sub_title=&#8220;Sprie\u00dfen&#8220; button_url_new_window=&#8220;1&#8243; image=&#8220;https:\/\/kaki.persimon.eu\/wp-content\/uploads\/2019\/10\/primavera.png&#8220; module_class=&#8220;cicloC&#8220; image_padding=&#8220;15px||15px||true|false&#8220; content_padding=&#8220;10px||10px||true|false&#8220; _builder_version=&#8220;3.29.3&#8243; subtitle_text_align=&#8220;center&#8220;][\/dica_divi_carouselitem][dica_divi_carouselitem title=&#8220;Sommer&#8220; sub_title=&#8220;Bew\u00e4sserung&lt;br&gt;Gr\u00fcnschnitt&#8220; button_url_new_window=&#8220;1&#8243; image=&#8220;https:\/\/kaki.persimon.eu\/wp-content\/uploads\/2019\/10\/verano.png&#8220; module_class=&#8220;cicloC&#8220; image_padding=&#8220;15px||15px||true|false&#8220; content_padding=&#8220;10px||10px||true|false&#8220; _builder_version=&#8220;3.29.3&#8243; subtitle_text_align=&#8220;center&#8220;][\/dica_divi_carouselitem][dica_divi_carouselitem title=&#8220;Herbst&#8220; sub_title=&#8220;Ernte&#8220; button_url_new_window=&#8220;1&#8243; image=&#8220;https:\/\/kaki.persimon.eu\/wp-content\/uploads\/2019\/10\/invierno.png&#8220; module_class=&#8220;cicloC&#8220; image_padding=&#8220;15px||15px||true|false&#8220; content_padding=&#8220;10px||10px||true|false&#8220; _builder_version=&#8220;3.29.3&#8243; subtitle_text_align=&#8220;center&#8220;][\/dica_divi_carouselitem][\/dica_divi_carousel][\/et_pb_column][\/et_pb_row][et_pb_row column_structure=&#8220;2_3,1_3&#8243; _builder_version=&#8220;3.29.3&#8243; max_width=&#8220;2560px&#8220; custom_margin=&#8220;0px||0px||false|false&#8220; custom_padding=&#8220;0px||0px||false|false&#8220;][et_pb_column type=&#8220;2_3&#8243; _builder_version=&#8220;3.29.3&#8243;][et_pb_text admin_label=&#8220;SubMenu-el-kaki&#8220; module_class=&#8220;submenu&#8220; _builder_version=&#8220;3.29.3&#8243; custom_margin=&#8220;||||false|false&#8220; custom_padding=&#8220;40px|50px|40px|50px|false|false&#8220;]<\/p>\n<ul>\n<li class=\"active\"><a href=\"https:\/\/kaki.persimon.eu\/de\/die-kaki\/\" title=\"Was ist das?\">Was ist das?<\/a><\/li>\n<li><a href=\"https:\/\/kaki.persimon.eu\/de\/die-kaki\/sorte-rojo-brillante\/\" title=\"Variedad Rojo Brillante\">Sorte \u201eRojo Brillante\u201c<\/a><\/li>\n<li><a href=\"https:\/\/kaki.persimon.eu\/de\/die-kaki\/die-kaki-in-spanien-und-weltweit\/\" title=\"Die Kaki in Spanien und weltweit\">Die Kaki in Spanien und weltweit<\/a><\/li>\n<\/ul>\n<p>&nbsp;[\/et_pb_text][\/et_pb_column][et_pb_column type=&#8220;1_3&#8243; _builder_version=&#8220;3.29.3&#8243; background_enable_image=&#8220;off&#8220;][et_pb_divider divider_style=&#8220;none&#8220; _builder_version=&#8220;3.29.3&#8243; height=&#8220;1px&#8220; max_height=&#8220;1000px&#8220; custom_margin=&#8220;0px||0px||false|false&#8220;][\/et_pb_divider][\/et_pb_column][\/et_pb_row][\/et_pb_section]<\/p>\n","protected":false},"excerpt":{"rendered":"<p><p id=\"breadcrumbs\"><span><span><a href=\"https:\/\/kaki.persimon.eu\/de\/\">Inicio<\/a><\/span><\/span><\/p>Die KakiWas ist das? Die Kaki ist eine s\u00fc\u00dfe und fleischige Frucht asiatischen Ursprungs, die zwischen dem 17. und 19. Jahrhundert ihren Weg nach Europa fand, und die urspr\u00fcnglich als Zierpflanze und aufgrund ihres Holzes (Ebenholz) angebaut wurde, das in der Kunst- und M\u00f6beltischlerei sehr gesch\u00e4tzt wird. Derzeit konzentriert sich ihr Anbau in Spanien praktisch auf die spanische Ostk\u00fcste, obwohl dieser sich in den letzten Jahren auch auf andere Regionen ausgedehnt hat. Sie wurde ab dem 7. Jahrhundert in China, ihrem Herkunftsland, angebaut, und breitete sich dann auf Japan und Korea aus, L\u00e4nder, in denen sie sich noch heute in ihrem urspr\u00fcnglichen Zustand befindet und wo es mehr als 2.000 Sorten oder Kultivare bzw. Kulturvariet\u00e4ten gibt.Erntezyklus<div class=\"et_pb_module dica_divi_carousel dica_divi_carousel_0 ciclo_cultivo\">\n\t\t\t\t\n\t\t\t\t\n\t\t\t\t\n\t\t\t\t\n\t\t\t\t\n\t\t\t\t\n\t\t\t\t<div class=\"et_pb_module_inner\">\n\t\t\t\t\t<div class=\"dica-container  desktop_middle-inside tablet_middle-inside mobile_middle-inside\" data-props='{\"desktop\":\"4\",\"tablet\":\"4\",\"mobile\":\"1\",\"speed\":\"500\",\"arrow\":\"off\",\"dots\":\"on\",\"autoplay\":\"off\",\"autoSpeed\":\"1000\",\"loop\":\"off\",\"item_spacing\":\"30\",\"center_mode\":\"off\",\"slider_effec\":\"1\",\"cover_rotate\":\"50\",\"pause_onhover\":\"off\",\"multislide\":\"off\",\"cfshadow\":\"on\",\"order\":\"0\",\"lazyload\":\"off\",\"lazybefore\":\"off\",\"scroller_effect\":\"off\",\"autowidth\":\"off\",\"item_spacing_tablet\":\"30\",\"item_spacing_phone\":\"30\",\"scroller_speed\":\"4000\",\"hashNavigation\":\"off\",\"simulatetouch\":\"off\",\"allowtouchmove\":\"off\",\"slide_row\":\"1\",\"slide_row_tablet\":\"1\",\"slide_row_phone\":\"1\",\"keyboard\":\"off\",\"mousewheel\":\"off\",\"autoplay_viewport\":\"\"}'>\n\t\t\t\t\t\t\t \t<div class=\"swiper-container\" >\n\t\t\t\t\t\t\t\t\t<div class=\"swiper-wrapper\"><div class=\"et_pb_module dica_divi_carouselitem dica_divi_carouselitem_0 cicloC\">\n\t\t\t\t\n\t\t\t\t\n\t\t\t\t\n\t\t\t\t\n\t\t\t\t\n\t\t\t\t\n\t\t\t\t<div class=\"et_pb_module_inner\">\n\t\t\t\t\t <div class=\"dica-item image_top\"   data-hash=\"dica_divi_carouselitem_0\">\n\t\t\t\t\t\t\t\t\t<div class=\"dica-image-container\"><span class=\"image\"><img loading=\"lazy\" decoding=\"async\" src=\"https:\/\/kaki.persimon.eu\/wp-content\/uploads\/2019\/10\/invierno.png\" srcset=\"https:\/\/kaki.persimon.eu\/wp-content\/uploads\/2019\/10\/invierno.png 356w, https:\/\/kaki.persimon.eu\/wp-content\/uploads\/2019\/10\/invierno-150x150.png 150w, https:\/\/kaki.persimon.eu\/wp-content\/uploads\/2019\/10\/invierno-300x300.png 300w\" alt=\"\" class=\"dica-item-image\" width=\"356\" height=\"356\"\/><\/span><\/div>\n\t\t\t\t\t\t\t\t\t<div class=\"dica-item-content\"><h4 class=\"item-title\">Winter<\/h4> <h6 class=\"item-subtitle\">Beschneiden<\/h6>       <\/div>\n\t\t\t\t\t\t\t<\/div>\n\t\t\t\t<\/div>\n\t\t\t<\/div><div class=\"et_pb_module dica_divi_carouselitem dica_divi_carouselitem_1 cicloC\">\n\t\t\t\t\n\t\t\t\t\n\t\t\t\t\n\t\t\t\t\n\t\t\t\t\n\t\t\t\t\n\t\t\t\t<div class=\"et_pb_module_inner\">\n\t\t\t\t\t <div class=\"dica-item image_top\"   data-hash=\"dica_divi_carouselitem_1\">\n\t\t\t\t\t\t\t\t\t<div class=\"dica-image-container\"><span class=\"image\"><img loading=\"lazy\" decoding=\"async\" src=\"https:\/\/kaki.persimon.eu\/wp-content\/uploads\/2019\/10\/primavera.png\" srcset=\"https:\/\/kaki.persimon.eu\/wp-content\/uploads\/2019\/10\/primavera.png 356w, https:\/\/kaki.persimon.eu\/wp-content\/uploads\/2019\/10\/primavera-150x150.png 150w, https:\/\/kaki.persimon.eu\/wp-content\/uploads\/2019\/10\/primavera-300x300.png 300w\" alt=\"\" class=\"dica-item-image\" width=\"356\" height=\"356\"\/><\/span><\/div>\n\t\t\t\t\t\t\t\t\t<div class=\"dica-item-content\"><h4 class=\"item-title\">Fr\u00fchling<\/h4> <h6 class=\"item-subtitle\">Sprie\u00dfen<\/h6>       <\/div>\n\t\t\t\t\t\t\t<\/div>\n\t\t\t\t<\/div>\n\t\t\t<\/div><div class=\"et_pb_module dica_divi_carouselitem dica_divi_carouselitem_2 cicloC\">\n\t\t\t\t\n\t\t\t\t\n\t\t\t\t\n\t\t\t\t\n\t\t\t\t\n\t\t\t\t\n\t\t\t\t<div class=\"et_pb_module_inner\">\n\t\t\t\t\t <div class=\"dica-item image_top\"   data-hash=\"dica_divi_carouselitem_2\">\n\t\t\t\t\t\t\t\t\t<div class=\"dica-image-container\"><span class=\"image\"><img loading=\"lazy\" decoding=\"async\" src=\"https:\/\/kaki.persimon.eu\/wp-content\/uploads\/2019\/10\/verano.png\" srcset=\"https:\/\/kaki.persimon.eu\/wp-content\/uploads\/2019\/10\/verano.png 356w, https:\/\/kaki.persimon.eu\/wp-content\/uploads\/2019\/10\/verano-150x150.png 150w, https:\/\/kaki.persimon.eu\/wp-content\/uploads\/2019\/10\/verano-300x300.png 300w\" alt=\"\" class=\"dica-item-image\" width=\"356\" height=\"356\"\/><\/span><\/div>\n\t\t\t\t\t\t\t\t\t<div class=\"dica-item-content\"><h4 class=\"item-title\">Sommer<\/h4> <h6 class=\"item-subtitle\">Bew\u00e4sserung&lt;br&gt;Gr\u00fcnschnitt<\/h6>       <\/div>\n\t\t\t\t\t\t\t<\/div>\n\t\t\t\t<\/div>\n\t\t\t<\/div><div class=\"et_pb_module dica_divi_carouselitem dica_divi_carouselitem_3 cicloC\">\n\t\t\t\t\n\t\t\t\t\n\t\t\t\t\n\t\t\t\t\n\t\t\t\t\n\t\t\t\t\n\t\t\t\t<div class=\"et_pb_module_inner\">\n\t\t\t\t\t <div class=\"dica-item image_top\"   data-hash=\"dica_divi_carouselitem_3\">\n\t\t\t\t\t\t\t\t\t<div class=\"dica-image-container\"><span class=\"image\"><img loading=\"lazy\" decoding=\"async\" src=\"https:\/\/kaki.persimon.eu\/wp-content\/uploads\/2019\/10\/invierno.png\" srcset=\"https:\/\/kaki.persimon.eu\/wp-content\/uploads\/2019\/10\/invierno.png 356w, https:\/\/kaki.persimon.eu\/wp-content\/uploads\/2019\/10\/invierno-150x150.png 150w, https:\/\/kaki.persimon.eu\/wp-content\/uploads\/2019\/10\/invierno-300x300.png 300w\" alt=\"\" class=\"dica-item-image\" width=\"356\" height=\"356\"\/><\/span><\/div>\n\t\t\t\t\t\t\t\t\t<div class=\"dica-item-content\"><h4 class=\"item-title\">Herbst<\/h4> <h6 class=\"item-subtitle\">Ernte<\/h6>       <\/div>\n\t\t\t\t\t\t\t<\/div>\n\t\t\t\t<\/div>\n\t\t\t<\/div><\/div>\t\n\t\t\t\t\t\t\t\t<\/div>\t\n\t\t\t\t\t\t\t\t\n\t\t\t\t\t\t\t\t<div class=\"swiper-pagination dica-paination-0\"><\/div>\t\t\t\t\t\t\n\t\t\t\t\t\t\t<\/div>\n\t\t\t\t<\/div>\n\t\t\t<\/div> Was ist das? Sorte \u201eRojo Brillante\u201c Die Kaki in Spanien und weltweit &nbsp;<\/p>\n","protected":false},"author":1,"featured_media":0,"parent":0,"menu_order":0,"comment_status":"closed","ping_status":"closed","template":"","meta":{"_acf_changed":false,"_et_pb_use_builder":"on","_et_pb_old_content":"","_et_gb_content_width":"","footnotes":""},"class_list":["post-2753","page","type-page","status-publish","hentry"],"acf":[],"yoast_head":"<!-- This site is optimized with the Yoast SEO plugin v27.4 - https:\/\/yoast.com\/product\/yoast-seo-wordpress\/ -->\n<title>Die Kaki - Kaki Persimon\u00ae<\/title>\n<meta name=\"description\" content=\"Die Kaki ist eine s\u00fc\u00dfe und fleischige Frucht asiatischen Ursprungs, die zwischen dem 17. und 19. Jahrhundert ihren Weg nach Europa fand, und die urspr\u00fcnglich als Zierpflanze und aufgrund ihres Holzes (Ebenholz) angebaut wurde, das in der Kunst- und M\u00f6beltischlerei sehr gesch\u00e4tzt wird.\" \/>\n<meta name=\"robots\" content=\"index, follow, max-snippet:-1, max-image-preview:large, max-video-preview:-1\" \/>\n<link rel=\"canonical\" href=\"https:\/\/kaki.persimon.eu\/de\/die-kaki\/\" \/>\n<meta property=\"og:locale\" content=\"de_DE\" \/>\n<meta property=\"og:type\" content=\"article\" \/>\n<meta property=\"og:title\" content=\"Die Kaki - Kaki Persimon\u00ae\" \/>\n<meta property=\"og:description\" content=\"Die Kaki ist eine s\u00fc\u00dfe und fleischige Frucht asiatischen Ursprungs, die zwischen dem 17. und 19. Jahrhundert ihren Weg nach Europa fand, und die urspr\u00fcnglich als Zierpflanze und aufgrund ihres Holzes (Ebenholz) angebaut wurde, das in der Kunst- und M\u00f6beltischlerei sehr gesch\u00e4tzt wird.\" \/>\n<meta property=\"og:site_name\" content=\"Kaki Persimon\u00ae\" \/>\n<meta property=\"article:publisher\" content=\"https:\/\/www.facebook.com\/kakipersimonDOP\/\" \/>\n<meta property=\"article:modified_time\" content=\"2020-11-30T06:09:33+00:00\" \/>\n<meta name=\"twitter:card\" content=\"summary_large_image\" \/>\n<meta name=\"twitter:label1\" content=\"Gesch\u00e4tzte Lesezeit\" \/>\n\t<meta name=\"twitter:data1\" content=\"4\u00a0Minuten\" \/>\n<script type=\"application\/ld+json\" class=\"yoast-schema-graph\">{\"@context\":\"https:\\\/\\\/schema.org\",\"@graph\":[{\"@type\":\"WebPage\",\"@id\":\"https:\\\/\\\/kaki.persimon.eu\\\/de\\\/die-kaki\\\/\",\"url\":\"https:\\\/\\\/kaki.persimon.eu\\\/de\\\/die-kaki\\\/\",\"name\":\"Die Kaki - Kaki Persimon\u00ae\",\"isPartOf\":{\"@id\":\"https:\\\/\\\/kaki.persimon.eu\\\/de\\\/#website\"},\"datePublished\":\"2020-11-16T16:22:08+00:00\",\"dateModified\":\"2020-11-30T06:09:33+00:00\",\"description\":\"Die Kaki ist eine s\u00fc\u00dfe und fleischige Frucht asiatischen Ursprungs, die zwischen dem 17. und 19. Jahrhundert ihren Weg nach Europa fand, und die urspr\u00fcnglich als Zierpflanze und aufgrund ihres Holzes (Ebenholz) angebaut wurde, das in der Kunst- und M\u00f6beltischlerei sehr gesch\u00e4tzt wird.\",\"breadcrumb\":{\"@id\":\"https:\\\/\\\/kaki.persimon.eu\\\/de\\\/die-kaki\\\/#breadcrumb\"},\"inLanguage\":\"de\",\"potentialAction\":[{\"@type\":\"ReadAction\",\"target\":[\"https:\\\/\\\/kaki.persimon.eu\\\/de\\\/die-kaki\\\/\"]}]},{\"@type\":\"BreadcrumbList\",\"@id\":\"https:\\\/\\\/kaki.persimon.eu\\\/de\\\/die-kaki\\\/#breadcrumb\",\"itemListElement\":[{\"@type\":\"ListItem\",\"position\":1,\"name\":\"Inicio\",\"item\":\"https:\\\/\\\/kaki.persimon.eu\\\/de\\\/\"},{\"@type\":\"ListItem\",\"position\":2,\"name\":\"Die Kaki\"}]},{\"@type\":\"WebSite\",\"@id\":\"https:\\\/\\\/kaki.persimon.eu\\\/de\\\/#website\",\"url\":\"https:\\\/\\\/kaki.persimon.eu\\\/de\\\/\",\"name\":\"Kaki Persimon\u00ae\",\"description\":\"Kaki Persimon\u00ae la marca de la Denominaci\u00f3n de Origen Protegida \u201cKaki Ribera del X\u00faquer\u201d\",\"publisher\":{\"@id\":\"https:\\\/\\\/kaki.persimon.eu\\\/de\\\/#organization\"},\"potentialAction\":[{\"@type\":\"SearchAction\",\"target\":{\"@type\":\"EntryPoint\",\"urlTemplate\":\"https:\\\/\\\/kaki.persimon.eu\\\/de\\\/?s={search_term_string}\"},\"query-input\":{\"@type\":\"PropertyValueSpecification\",\"valueRequired\":true,\"valueName\":\"search_term_string\"}}],\"inLanguage\":\"de\"},{\"@type\":\"Organization\",\"@id\":\"https:\\\/\\\/kaki.persimon.eu\\\/de\\\/#organization\",\"name\":\"D.O.P Kaki Ribera del X\u00faquer\",\"url\":\"https:\\\/\\\/kaki.persimon.eu\\\/de\\\/\",\"logo\":{\"@type\":\"ImageObject\",\"inLanguage\":\"de\",\"@id\":\"https:\\\/\\\/kaki.persimon.eu\\\/de\\\/#\\\/schema\\\/logo\\\/image\\\/\",\"url\":\"https:\\\/\\\/kaki.persimon.eu\\\/wp-content\\\/uploads\\\/2019\\\/09\\\/logo-dop-kaki.png\",\"contentUrl\":\"https:\\\/\\\/kaki.persimon.eu\\\/wp-content\\\/uploads\\\/2019\\\/09\\\/logo-dop-kaki.png\",\"width\":227,\"height\":227,\"caption\":\"D.O.P Kaki Ribera del X\u00faquer\"},\"image\":{\"@id\":\"https:\\\/\\\/kaki.persimon.eu\\\/de\\\/#\\\/schema\\\/logo\\\/image\\\/\"},\"sameAs\":[\"https:\\\/\\\/www.facebook.com\\\/kakipersimonDOP\\\/\",\"https:\\\/\\\/www.instagram.com\\\/kakipersimon_\\\/\",\"https:\\\/\\\/www.youtube.com\\\/channel\\\/UC7Jcl7rqySAcWf0V1axJ7Bg\"]}]}<\/script>\n<!-- \/ Yoast SEO plugin. -->","yoast_head_json":{"title":"Die Kaki - Kaki Persimon\u00ae","description":"Die Kaki ist eine s\u00fc\u00dfe und fleischige Frucht asiatischen Ursprungs, die zwischen dem 17. und 19. Jahrhundert ihren Weg nach Europa fand, und die urspr\u00fcnglich als Zierpflanze und aufgrund ihres Holzes (Ebenholz) angebaut wurde, das in der Kunst- und M\u00f6beltischlerei sehr gesch\u00e4tzt wird.","robots":{"index":"index","follow":"follow","max-snippet":"max-snippet:-1","max-image-preview":"max-image-preview:large","max-video-preview":"max-video-preview:-1"},"canonical":"https:\/\/kaki.persimon.eu\/de\/die-kaki\/","og_locale":"de_DE","og_type":"article","og_title":"Die Kaki - Kaki Persimon\u00ae","og_description":"Die Kaki ist eine s\u00fc\u00dfe und fleischige Frucht asiatischen Ursprungs, die zwischen dem 17. und 19. Jahrhundert ihren Weg nach Europa fand, und die urspr\u00fcnglich als Zierpflanze und aufgrund ihres Holzes (Ebenholz) angebaut wurde, das in der Kunst- und M\u00f6beltischlerei sehr gesch\u00e4tzt wird.","og_site_name":"Kaki Persimon\u00ae","article_publisher":"https:\/\/www.facebook.com\/kakipersimonDOP\/","article_modified_time":"2020-11-30T06:09:33+00:00","twitter_card":"summary_large_image","twitter_misc":{"Gesch\u00e4tzte Lesezeit":"4\u00a0Minuten"},"schema":{"@context":"https:\/\/schema.org","@graph":[{"@type":"WebPage","@id":"https:\/\/kaki.persimon.eu\/de\/die-kaki\/","url":"https:\/\/kaki.persimon.eu\/de\/die-kaki\/","name":"Die Kaki - Kaki Persimon\u00ae","isPartOf":{"@id":"https:\/\/kaki.persimon.eu\/de\/#website"},"datePublished":"2020-11-16T16:22:08+00:00","dateModified":"2020-11-30T06:09:33+00:00","description":"Die Kaki ist eine s\u00fc\u00dfe und fleischige Frucht asiatischen Ursprungs, die zwischen dem 17. und 19. Jahrhundert ihren Weg nach Europa fand, und die urspr\u00fcnglich als Zierpflanze und aufgrund ihres Holzes (Ebenholz) angebaut wurde, das in der Kunst- und M\u00f6beltischlerei sehr gesch\u00e4tzt wird.","breadcrumb":{"@id":"https:\/\/kaki.persimon.eu\/de\/die-kaki\/#breadcrumb"},"inLanguage":"de","potentialAction":[{"@type":"ReadAction","target":["https:\/\/kaki.persimon.eu\/de\/die-kaki\/"]}]},{"@type":"BreadcrumbList","@id":"https:\/\/kaki.persimon.eu\/de\/die-kaki\/#breadcrumb","itemListElement":[{"@type":"ListItem","position":1,"name":"Inicio","item":"https:\/\/kaki.persimon.eu\/de\/"},{"@type":"ListItem","position":2,"name":"Die Kaki"}]},{"@type":"WebSite","@id":"https:\/\/kaki.persimon.eu\/de\/#website","url":"https:\/\/kaki.persimon.eu\/de\/","name":"Kaki Persimon\u00ae","description":"Kaki Persimon\u00ae la marca de la Denominaci\u00f3n de Origen Protegida \u201cKaki Ribera del X\u00faquer\u201d","publisher":{"@id":"https:\/\/kaki.persimon.eu\/de\/#organization"},"potentialAction":[{"@type":"SearchAction","target":{"@type":"EntryPoint","urlTemplate":"https:\/\/kaki.persimon.eu\/de\/?s={search_term_string}"},"query-input":{"@type":"PropertyValueSpecification","valueRequired":true,"valueName":"search_term_string"}}],"inLanguage":"de"},{"@type":"Organization","@id":"https:\/\/kaki.persimon.eu\/de\/#organization","name":"D.O.P Kaki Ribera del X\u00faquer","url":"https:\/\/kaki.persimon.eu\/de\/","logo":{"@type":"ImageObject","inLanguage":"de","@id":"https:\/\/kaki.persimon.eu\/de\/#\/schema\/logo\/image\/","url":"https:\/\/kaki.persimon.eu\/wp-content\/uploads\/2019\/09\/logo-dop-kaki.png","contentUrl":"https:\/\/kaki.persimon.eu\/wp-content\/uploads\/2019\/09\/logo-dop-kaki.png","width":227,"height":227,"caption":"D.O.P Kaki Ribera del X\u00faquer"},"image":{"@id":"https:\/\/kaki.persimon.eu\/de\/#\/schema\/logo\/image\/"},"sameAs":["https:\/\/www.facebook.com\/kakipersimonDOP\/","https:\/\/www.instagram.com\/kakipersimon_\/","https:\/\/www.youtube.com\/channel\/UC7Jcl7rqySAcWf0V1axJ7Bg"]}]}},"_links":{"self":[{"href":"https:\/\/kaki.persimon.eu\/de\/wp-json\/wp\/v2\/pages\/2753","targetHints":{"allow":["GET"]}}],"collection":[{"href":"https:\/\/kaki.persimon.eu\/de\/wp-json\/wp\/v2\/pages"}],"about":[{"href":"https:\/\/kaki.persimon.eu\/de\/wp-json\/wp\/v2\/types\/page"}],"author":[{"embeddable":true,"href":"https:\/\/kaki.persimon.eu\/de\/wp-json\/wp\/v2\/users\/1"}],"replies":[{"embeddable":true,"href":"https:\/\/kaki.persimon.eu\/de\/wp-json\/wp\/v2\/comments?post=2753"}],"version-history":[{"count":5,"href":"https:\/\/kaki.persimon.eu\/de\/wp-json\/wp\/v2\/pages\/2753\/revisions"}],"predecessor-version":[{"id":2838,"href":"https:\/\/kaki.persimon.eu\/de\/wp-json\/wp\/v2\/pages\/2753\/revisions\/2838"}],"wp:attachment":[{"href":"https:\/\/kaki.persimon.eu\/de\/wp-json\/wp\/v2\/media?parent=2753"}],"curies":[{"name":"wp","href":"https:\/\/api.w.org\/{rel}","templated":true}]}}