{"id":2662,"date":"2020-11-04T15:55:35","date_gmt":"2020-11-04T15:55:35","guid":{"rendered":"https:\/\/persimon.eu\/kaki-persimon\/wie-wird-sie-aufbewahrt\/"},"modified":"2020-11-16T16:16:02","modified_gmt":"2020-11-16T16:16:02","slug":"wie-wird-sie-aufbewahrt","status":"publish","type":"page","link":"https:\/\/kaki.persimon.eu\/de\/kaki-persimon\/wie-wird-sie-aufbewahrt\/","title":{"rendered":"Wie wird sie aufbewahrt?"},"content":{"rendered":"<p>[et_pb_section fb_built=&#8220;1&#8243; disabled_on=&#8220;on|on|off&#8220; admin_label=&#8220;IMAGEN FONDO&#8220; module_class=&#8220;comoConservar&#8220; _builder_version=&#8220;3.29.3&#8243; background_color=&#8220;rgba(0,0,0,0)&#8220; custom_padding=&#8220;0px||0px||false|false&#8220;][et_pb_row _builder_version=&#8220;4.0.6&#8243; background_enable_image=&#8220;off&#8220; width=&#8220;100%&#8220; max_width=&#8220;2560px&#8220; hover_enabled=&#8220;0&#8243; custom_css_main_element=&#8220;padding: 0 0;||margin: 0 0;&#8220;][et_pb_column type=&#8220;4_4&#8243; _builder_version=&#8220;4.0.6&#8243; background_image=&#8220;https:\/\/kaki.persimon.eu\/wp-content\/uploads\/2019\/11\/como-conservarlo.png&#8220; background_size=&#8220;contain&#8220; hover_enabled=&#8220;0&#8243; custom_css_main_element=&#8220;margin: 0;&#8220;][et_pb_divider divider_style=&#8220;none&#8220; module_class=&#8220;fullHeight&#8220; _builder_version=&#8220;3.29.3&#8243; custom_margin=&#8220;0px||0px||false|false&#8220;][\/et_pb_divider][\/et_pb_column][\/et_pb_row][\/et_pb_section][et_pb_section fb_built=&#8220;1&#8243; admin_label=&#8220;CONTENIDO&#8220; module_class=&#8220;section_comoConservarlo&#8220; _builder_version=&#8220;3.29.3&#8243; background_color=&#8220;rgba(0,0,0,0)&#8220; custom_margin=&#8220;||||false|false&#8220;][et_pb_row make_equal=&#8220;on&#8220; disabled_on=&#8220;off|off|off&#8220; admin_label=&#8220;ROW BREADCRUMBS&#8220; _builder_version=&#8220;3.29.3&#8243; max_width=&#8220;2560px&#8220; custom_margin=&#8220;0px||0px||false|false&#8220; custom_padding=&#8220;0px||0px||false|false&#8220;][et_pb_column type=&#8220;4_4&#8243; _builder_version=&#8220;3.29.3&#8243;][et_pb_divider divider_style=&#8220;none&#8220; admin_label=&#8220;separadorTitular&#8220; module_class=&#8220;separadorTitular&#8220; _builder_version=&#8220;3.29.3&#8243; custom_margin=&#8220;0px||0px||false|false&#8220;][\/et_pb_divider][et_pb_code disabled_on=&#8220;on|on|off&#8220; admin_label=&#8220;Breadcrumbs&#8220; _builder_version=&#8220;3.29.3&#8243; custom_margin=&#8220;0px||0px||true|false&#8220;]<p id=\"breadcrumbs\"><span><span><a href=\"https:\/\/kaki.persimon.eu\/de\/\">Inicio<\/a><\/span><\/span><\/p>[\/et_pb_code][et_pb_divider divider_style=&#8220;none&#8220; disabled_on=&#8220;on|on|off&#8220; _builder_version=&#8220;3.29.3&#8243; height=&#8220;40px&#8220; custom_margin=&#8220;0px||0px||false|false&#8220;][\/et_pb_divider][\/et_pb_column][\/et_pb_row][et_pb_row column_structure=&#8220;1_2,1_4,1_4&#8243; make_equal=&#8220;on&#8220; _builder_version=&#8220;3.29.3&#8243; max_width=&#8220;2560px&#8220; custom_margin=&#8220;0px||0px||false|false&#8220; custom_padding=&#8220;0px||0px||false|false&#8220;][et_pb_column type=&#8220;1_2&#8243; _builder_version=&#8220;3.29.3&#8243;][et_pb_text module_class=&#8220;kaki-titular&#8220; _builder_version=&#8220;3.29.3&#8243; header_font_size=&#8220;60px&#8220; background_color=&#8220;rgba(0,0,0,0)&#8220; custom_margin=&#8220;||0px||false|false&#8220; custom_padding=&#8220;|50px|20px|50px|false|true&#8220; custom_css_main_element=&#8220;background-color: rgba(255,255,255,0) !important;&#8220;]<\/p>\n<h1>Wie wird sie aufbewahrt?<\/h1>\n<p>[\/et_pb_text][\/et_pb_column][et_pb_column type=&#8220;1_4&#8243; _builder_version=&#8220;3.29.3&#8243; background_enable_image=&#8220;off&#8220; hover_enabled=&#8220;0&#8243;][\/et_pb_column][et_pb_column type=&#8220;1_4&#8243; _builder_version=&#8220;3.29.3&#8243; background_enable_image=&#8220;off&#8220;][\/et_pb_column][\/et_pb_row][et_pb_row column_structure=&#8220;1_3,1_3,1_3&#8243; make_equal=&#8220;on&#8220; _builder_version=&#8220;3.29.3&#8243; max_width=&#8220;2560px&#8220; custom_margin=&#8220;0px||0px||false|false&#8220; custom_padding=&#8220;0px||0px||false|false&#8220; hover_enabled=&#8220;0&#8243;][et_pb_column type=&#8220;1_3&#8243; module_class=&#8220;column_50_tablet&#8220; _builder_version=&#8220;3.29.3&#8243;][et_pb_text admin_label=&#8220;Listo para comer&#8220; module_class=&#8220;bloqueTexto80&#8243; _builder_version=&#8220;3.29.3&#8243; custom_margin=&#8220;0px||0px||false|false&#8220; custom_padding=&#8220;40px|50px|0px|50px|false|true&#8220; custom_padding_tablet=&#8220;&#8220; custom_padding_phone=&#8220;&#8220; custom_padding_last_edited=&#8220;on|desktop&#8220;]<\/p>\n<h2>Verzehrfertig<\/h2>\n<div class=\"separador_left_01\"><\/div>\n<p>[\/et_pb_text][et_pb_text admin_label=&#8220;texto-listo-para-comer&#8220; module_class=&#8220;bloqueTexto80&#8243; _builder_version=&#8220;3.29.3&#8243; custom_margin=&#8220;0px||0px||false|false&#8220; custom_padding=&#8220;10px|50px|10px|50px|true|true&#8220;]<strong>Denken Sie daran, dass Kakis der Marke \u201ePersimon\u00ae\u201c verzehrfertig sind<\/strong>. Man muss nicht warten, bis sie reif sind, obwohl man sie eine Zeit lang in der Obstschale lassen kann, wenn man einen h\u00f6heren Reifegrad w\u00fcnscht. Aber warten Sie nicht, bis sie v\u00f6llig weich sind, denn die Persimon\u00ae ist eine Kaki, die nicht immer v\u00f6llig weich wird. Wenn au\u00dferdem zu viel Zeit bis zu ihrem Verzehr vergeht, dann verliert sie an Qualit\u00e4t.[\/et_pb_text][et_pb_text admin_label=&#8220;Kaki Classic&#8220; module_class=&#8220;bloqueTexto80&#8243; _builder_version=&#8220;3.29.3&#8243; custom_margin=&#8220;0px||0px||false|false&#8220; custom_padding=&#8220;20px|50px|0px|50px|false|true&#8220; custom_padding_tablet=&#8220;&#8220; custom_padding_phone=&#8220;&#8220; custom_padding_last_edited=&#8220;on|desktop&#8220;]<\/p>\n<h2>Kaki Classic<\/h2>\n<div class=\"separador_left_02\"><\/div>\n<p>[\/et_pb_text][et_pb_text admin_label=&#8220;texto-kaki-classic&#8220; module_class=&#8220;bloqueTexto80&#8243; _builder_version=&#8220;3.29.3&#8243; custom_margin=&#8220;0px||||false|false&#8220; custom_padding=&#8220;10px|50px|40px|50px|false|true&#8220;]<strong>Wenn Sie eine traditionelle oder \u201eklassische\u201c Kaki bevorzugen, dann m\u00fcssen Sie zu der Sorte greifen, die noch ihre urspr\u00fcngliche Adstringenz, also dieses leicht pelzige Mundgef\u00fchl, aufweist<\/strong>. So wird Ihnen die traditionelle Version der Kaki \u201eRojo Brillante\u201c am besten schmecken. Wenn Sie den Reifeprozess der Kaki \u201eClassic\u201c beschleunigen m\u00f6chten, dann m\u00fcssen Sie sie nur zusammen mit \u00c4pfeln oder Bananen in der Obstschale aufbewahren.[\/et_pb_text][\/et_pb_column][et_pb_column type=&#8220;1_3&#8243; module_class=&#8220;hide_981_1100&#8243; _builder_version=&#8220;3.29.3&#8243; background_enable_image=&#8220;off&#8220; hover_enabled=&#8220;0&#8243;][\/et_pb_column][et_pb_column type=&#8220;1_3&#8243; module_class=&#8220;column_50_tablet&#8220; _builder_version=&#8220;3.29.3&#8243; background_enable_image=&#8220;off&#8220;][et_pb_text admin_label=&#8220;No meter en la nevera&#8220; module_class=&#8220;bloqueTexto80&#8243; _builder_version=&#8220;3.29.3&#8243; custom_margin=&#8220;0px||0px||false|false&#8220; custom_padding=&#8220;40px|50px|0px|50px|false|true&#8220; custom_padding_tablet=&#8220;&#8220; custom_padding_phone=&#8220;&#8220; custom_padding_last_edited=&#8220;on|desktop&#8220;]<\/p>\n<h2>Nicht im K\u00fchlschrank aufbewahren<\/h2>\n<div class=\"separador_right_01\"><\/div>\n<p>[\/et_pb_text][et_pb_text admin_label=&#8220;texto-no-meter-en-nevera&#8220; module_class=&#8220;bloqueTexto80&#8243; _builder_version=&#8220;3.29.3&#8243; custom_margin=&#8220;0px||0px||false|false&#8220; custom_padding=&#8220;10px|50px|10px|50px|true|true&#8220;]<\/p>\n<p><strong>Kakis sollten nicht im K\u00fchlschrank aufbewahrt werden.<\/strong> Sie k\u00f6nnen sie jedoch gesch\u00e4lt und gest\u00fcckelt einfrieren, wenn Sie sie sp\u00e4ter verwenden oder damit ein Gericht zubereiten wollen, bei dem Sie sie im gefrorenen Zustand ben\u00f6tigen, zum Beispiel f\u00fcr die Zubereitung eines Sorbets. Denken Sie jedoch daran, dass eine aufgetaute Kaki, die nicht zum Kochen verwendet, sondern gleich verzehrt wird, in der Regel ziemlich viel an Geschmack verliert.<\/p>\n<p>[\/et_pb_text][et_pb_text admin_label=&#8220;Recetas&#8220; module_class=&#8220;bloqueTexto80&#8243; _builder_version=&#8220;3.29.3&#8243; custom_margin=&#8220;0px||0px||false|false&#8220; custom_padding=&#8220;10px|50px|0px|50px|false|true&#8220; custom_padding_tablet=&#8220;&#8220; custom_padding_phone=&#8220;&#8220; custom_padding_last_edited=&#8220;on|desktop&#8220;]<\/p>\n<h2>Rezepte<\/h2>\n<div class=\"separador_right_02\"><\/div>\n<p>[\/et_pb_text][et_pb_text admin_label=&#8220;texto-recetas&#8220; module_class=&#8220;bloqueTexto80&#8243; _builder_version=&#8220;3.29.3&#8243; custom_margin=&#8220;0px||||false|false&#8220; custom_padding=&#8220;10px|50px|40px|50px|false|true&#8220;]<\/p>\n<p><strong>Weitere n\u00fctzliche Ratschl\u00e4ge und leckere Rezepte finden Sie im Abschnitt Rezepte.<\/strong> Dort erkl\u00e4ren wir Ihnen, wie Kakis richtig verwendet werden und welche schmackhaften und k\u00f6stlichen Rezepte sich damit einfach zubereiten lassen.<\/p>\n<p>[\/et_pb_text][\/et_pb_column][\/et_pb_row][\/et_pb_section][et_pb_section fb_built=&#8220;1&#8243; module_class=&#8220;section_submenu_conservar&#8220; _builder_version=&#8220;3.29.3&#8243; background_color=&#8220;rgba(0,0,0,0)&#8220; custom_margin=&#8220;||||false|false&#8220; custom_padding=&#8220;0px||0px||false|false&#8220;][et_pb_row column_structure=&#8220;2_3,1_3&#8243; _builder_version=&#8220;3.29.3&#8243; max_width=&#8220;2560px&#8220; custom_margin=&#8220;0px||0px||false|false&#8220; custom_padding=&#8220;0px||0px||false|false&#8220;][et_pb_column type=&#8220;2_3&#8243; _builder_version=&#8220;3.29.3&#8243;][et_pb_text admin_label=&#8220;SubMenu&#8220; module_class=&#8220;submenu&#8220; _builder_version=&#8220;3.29.3&#8243; custom_margin=&#8220;||||false|false&#8220; custom_padding=&#8220;40px|50px|40px|50px|false|false&#8220;]<\/p>\n<ul>\n<li><a href=\"https:\/\/kaki.persimon.eu\/de\/kaki-persimon\/\" title=\"Was ist sie?\">Was ist sie?<\/a><\/li>\n<li><a href=\"https:\/\/kaki.persimon.eu\/de\/kaki-persimon\/warum-kaki-persimon\/\" title=\"Warum Kaki Persimon\u00ae?\">Warum Kaki Persimon\u00ae?<\/a><\/li>\n<li><a href=\"https:\/\/kaki.persimon.eu\/de\/kaki-persimon\/wie-und-wann-soll-man-eine-kaki-persimon-essen\/\" title=\"Wie und wann soll man eine Kaki Persimon essen?\">Wie und wann soll man eine Kaki Persimon essen?<\/a><\/li>\n<li class=\"active\"><a href=\"https:\/\/kaki.persimon.eu\/de\/kaki-persimon\/wie-wird-sie-aufbewahrt\/\" title=\"Wie wird sie aufbewahrt?\">Wie wird sie aufbewahrt?<\/a><\/li>\n<li><a href=\"https:\/\/kaki.persimon.eu\/de\/kaki-persimon\/wann-soll-man-sie-kaufen\/\" title=\"Wann soll man sie kaufen?\">Wann soll man sie kaufen?<\/a><\/li>\n<\/ul>\n<p>&nbsp;<\/p>\n<p>[\/et_pb_text][\/et_pb_column][et_pb_column type=&#8220;1_3&#8243; _builder_version=&#8220;3.29.3&#8243; background_enable_image=&#8220;off&#8220;][et_pb_divider divider_style=&#8220;none&#8220; _builder_version=&#8220;3.29.3&#8243; height=&#8220;1px&#8220; max_height=&#8220;1000px&#8220; custom_margin=&#8220;0px||0px||false|false&#8220;][\/et_pb_divider][\/et_pb_column][\/et_pb_row][\/et_pb_section]<\/p>\n","protected":false},"excerpt":{"rendered":"<p><p id=\"breadcrumbs\"><span><span><a href=\"https:\/\/kaki.persimon.eu\/de\/\">Inicio<\/a><\/span><\/span><\/p>Wie wird sie aufbewahrt?Verzehrfertig Denken Sie daran, dass Kakis der Marke \u201ePersimon\u00ae\u201c verzehrfertig sind. Man muss nicht warten, bis sie reif sind, obwohl man sie eine Zeit lang in der Obstschale lassen kann, wenn man einen h\u00f6heren Reifegrad w\u00fcnscht. Aber warten Sie nicht, bis sie v\u00f6llig weich sind, denn die Persimon\u00ae ist eine Kaki, die nicht immer v\u00f6llig weich wird. Wenn au\u00dferdem zu viel Zeit bis zu ihrem Verzehr vergeht, dann verliert sie an Qualit\u00e4t.Kaki Classic Wenn Sie eine traditionelle oder \u201eklassische\u201c Kaki bevorzugen, dann m\u00fcssen Sie zu der Sorte greifen, die noch ihre urspr\u00fcngliche Adstringenz, also dieses leicht pelzige Mundgef\u00fchl, aufweist. So wird Ihnen die traditionelle Version der Kaki \u201eRojo Brillante\u201c am besten schmecken. Wenn Sie den Reifeprozess der Kaki \u201eClassic\u201c beschleunigen m\u00f6chten, dann m\u00fcssen Sie sie nur zusammen mit \u00c4pfeln oder Bananen in der Obstschale aufbewahren.Nicht im K\u00fchlschrank aufbewahren Kakis sollten nicht im K\u00fchlschrank aufbewahrt werden. Sie k\u00f6nnen sie jedoch gesch\u00e4lt und gest\u00fcckelt einfrieren, wenn Sie sie sp\u00e4ter verwenden oder damit ein Gericht zubereiten wollen, bei dem Sie sie im gefrorenen Zustand ben\u00f6tigen, zum Beispiel f\u00fcr die Zubereitung eines Sorbets. Denken Sie jedoch daran, dass eine aufgetaute Kaki, die nicht zum Kochen verwendet, sondern gleich verzehrt wird, in [&hellip;]<\/p>\n","protected":false},"author":1,"featured_media":0,"parent":2659,"menu_order":0,"comment_status":"closed","ping_status":"closed","template":"","meta":{"_acf_changed":false,"_et_pb_use_builder":"on","_et_pb_old_content":"","_et_gb_content_width":"","footnotes":""},"class_list":["post-2662","page","type-page","status-publish","hentry"],"acf":[],"yoast_head":"<!-- This site is optimized with the Yoast SEO plugin v27.4 - https:\/\/yoast.com\/product\/yoast-seo-wordpress\/ -->\n<title>Wie wird sie aufbewahrt? - Kaki Persimon\u00ae<\/title>\n<meta name=\"description\" content=\"Denken Sie daran, dass Kakis der Marke \u201ePersimon\u00ae\u201c verzehrfertig sind. Man muss nicht warten, bis sie reif sind, obwohl man sie eine Zeit lang in der Obstschale lassen kann, wenn man einen h\u00f6heren Reifegrad w\u00fcnscht.\" \/>\n<meta name=\"robots\" content=\"index, follow, max-snippet:-1, max-image-preview:large, max-video-preview:-1\" \/>\n<link rel=\"canonical\" href=\"https:\/\/kaki.persimon.eu\/de\/kaki-persimon\/wie-wird-sie-aufbewahrt\/\" \/>\n<meta property=\"og:locale\" content=\"de_DE\" \/>\n<meta property=\"og:type\" content=\"article\" \/>\n<meta property=\"og:title\" content=\"Wie wird sie aufbewahrt? - Kaki Persimon\u00ae\" \/>\n<meta property=\"og:description\" content=\"Denken Sie daran, dass Kakis der Marke \u201ePersimon\u00ae\u201c verzehrfertig sind. Man muss nicht warten, bis sie reif sind, obwohl man sie eine Zeit lang in der Obstschale lassen kann, wenn man einen h\u00f6heren Reifegrad w\u00fcnscht.\" \/>\n<meta property=\"og:site_name\" content=\"Kaki Persimon\u00ae\" \/>\n<meta property=\"article:publisher\" content=\"https:\/\/www.facebook.com\/kakipersimonDOP\/\" \/>\n<meta property=\"article:modified_time\" content=\"2020-11-16T16:16:02+00:00\" \/>\n<meta name=\"twitter:card\" content=\"summary_large_image\" \/>\n<meta name=\"twitter:label1\" content=\"Gesch\u00e4tzte Lesezeit\" \/>\n\t<meta name=\"twitter:data1\" content=\"6\u00a0Minuten\" \/>\n<script type=\"application\/ld+json\" class=\"yoast-schema-graph\">{\"@context\":\"https:\\\/\\\/schema.org\",\"@graph\":[{\"@type\":\"WebPage\",\"@id\":\"https:\\\/\\\/kaki.persimon.eu\\\/de\\\/kaki-persimon\\\/wie-wird-sie-aufbewahrt\\\/\",\"url\":\"https:\\\/\\\/kaki.persimon.eu\\\/de\\\/kaki-persimon\\\/wie-wird-sie-aufbewahrt\\\/\",\"name\":\"Wie wird sie aufbewahrt? - Kaki Persimon\u00ae\",\"isPartOf\":{\"@id\":\"https:\\\/\\\/kaki.persimon.eu\\\/de\\\/#website\"},\"datePublished\":\"2020-11-04T15:55:35+00:00\",\"dateModified\":\"2020-11-16T16:16:02+00:00\",\"description\":\"Denken Sie daran, dass Kakis der Marke \u201ePersimon\u00ae\u201c verzehrfertig sind. Man muss nicht warten, bis sie reif sind, obwohl man sie eine Zeit lang in der Obstschale lassen kann, wenn man einen h\u00f6heren Reifegrad w\u00fcnscht.\",\"breadcrumb\":{\"@id\":\"https:\\\/\\\/kaki.persimon.eu\\\/de\\\/kaki-persimon\\\/wie-wird-sie-aufbewahrt\\\/#breadcrumb\"},\"inLanguage\":\"de\",\"potentialAction\":[{\"@type\":\"ReadAction\",\"target\":[\"https:\\\/\\\/kaki.persimon.eu\\\/de\\\/kaki-persimon\\\/wie-wird-sie-aufbewahrt\\\/\"]}]},{\"@type\":\"BreadcrumbList\",\"@id\":\"https:\\\/\\\/kaki.persimon.eu\\\/de\\\/kaki-persimon\\\/wie-wird-sie-aufbewahrt\\\/#breadcrumb\",\"itemListElement\":[{\"@type\":\"ListItem\",\"position\":1,\"name\":\"Inicio\",\"item\":\"https:\\\/\\\/kaki.persimon.eu\\\/de\\\/\"},{\"@type\":\"ListItem\",\"position\":2,\"name\":\"Kaki Persimon\u00ae\",\"item\":\"https:\\\/\\\/kaki.persimon.eu\\\/de\\\/kaki-persimon\\\/\"},{\"@type\":\"ListItem\",\"position\":3,\"name\":\"Wie wird sie aufbewahrt?\"}]},{\"@type\":\"WebSite\",\"@id\":\"https:\\\/\\\/kaki.persimon.eu\\\/de\\\/#website\",\"url\":\"https:\\\/\\\/kaki.persimon.eu\\\/de\\\/\",\"name\":\"Kaki Persimon\u00ae\",\"description\":\"Kaki Persimon\u00ae la marca de la Denominaci\u00f3n de Origen Protegida \u201cKaki Ribera del X\u00faquer\u201d\",\"publisher\":{\"@id\":\"https:\\\/\\\/kaki.persimon.eu\\\/de\\\/#organization\"},\"potentialAction\":[{\"@type\":\"SearchAction\",\"target\":{\"@type\":\"EntryPoint\",\"urlTemplate\":\"https:\\\/\\\/kaki.persimon.eu\\\/de\\\/?s={search_term_string}\"},\"query-input\":{\"@type\":\"PropertyValueSpecification\",\"valueRequired\":true,\"valueName\":\"search_term_string\"}}],\"inLanguage\":\"de\"},{\"@type\":\"Organization\",\"@id\":\"https:\\\/\\\/kaki.persimon.eu\\\/de\\\/#organization\",\"name\":\"D.O.P Kaki Ribera del X\u00faquer\",\"url\":\"https:\\\/\\\/kaki.persimon.eu\\\/de\\\/\",\"logo\":{\"@type\":\"ImageObject\",\"inLanguage\":\"de\",\"@id\":\"https:\\\/\\\/kaki.persimon.eu\\\/de\\\/#\\\/schema\\\/logo\\\/image\\\/\",\"url\":\"https:\\\/\\\/kaki.persimon.eu\\\/wp-content\\\/uploads\\\/2019\\\/09\\\/logo-dop-kaki.png\",\"contentUrl\":\"https:\\\/\\\/kaki.persimon.eu\\\/wp-content\\\/uploads\\\/2019\\\/09\\\/logo-dop-kaki.png\",\"width\":227,\"height\":227,\"caption\":\"D.O.P Kaki Ribera del X\u00faquer\"},\"image\":{\"@id\":\"https:\\\/\\\/kaki.persimon.eu\\\/de\\\/#\\\/schema\\\/logo\\\/image\\\/\"},\"sameAs\":[\"https:\\\/\\\/www.facebook.com\\\/kakipersimonDOP\\\/\",\"https:\\\/\\\/www.instagram.com\\\/kakipersimon_\\\/\",\"https:\\\/\\\/www.youtube.com\\\/channel\\\/UC7Jcl7rqySAcWf0V1axJ7Bg\"]}]}<\/script>\n<!-- \/ Yoast SEO plugin. -->","yoast_head_json":{"title":"Wie wird sie aufbewahrt? - Kaki Persimon\u00ae","description":"Denken Sie daran, dass Kakis der Marke \u201ePersimon\u00ae\u201c verzehrfertig sind. Man muss nicht warten, bis sie reif sind, obwohl man sie eine Zeit lang in der Obstschale lassen kann, wenn man einen h\u00f6heren Reifegrad w\u00fcnscht.","robots":{"index":"index","follow":"follow","max-snippet":"max-snippet:-1","max-image-preview":"max-image-preview:large","max-video-preview":"max-video-preview:-1"},"canonical":"https:\/\/kaki.persimon.eu\/de\/kaki-persimon\/wie-wird-sie-aufbewahrt\/","og_locale":"de_DE","og_type":"article","og_title":"Wie wird sie aufbewahrt? - Kaki Persimon\u00ae","og_description":"Denken Sie daran, dass Kakis der Marke \u201ePersimon\u00ae\u201c verzehrfertig sind. Man muss nicht warten, bis sie reif sind, obwohl man sie eine Zeit lang in der Obstschale lassen kann, wenn man einen h\u00f6heren Reifegrad w\u00fcnscht.","og_site_name":"Kaki Persimon\u00ae","article_publisher":"https:\/\/www.facebook.com\/kakipersimonDOP\/","article_modified_time":"2020-11-16T16:16:02+00:00","twitter_card":"summary_large_image","twitter_misc":{"Gesch\u00e4tzte Lesezeit":"6\u00a0Minuten"},"schema":{"@context":"https:\/\/schema.org","@graph":[{"@type":"WebPage","@id":"https:\/\/kaki.persimon.eu\/de\/kaki-persimon\/wie-wird-sie-aufbewahrt\/","url":"https:\/\/kaki.persimon.eu\/de\/kaki-persimon\/wie-wird-sie-aufbewahrt\/","name":"Wie wird sie aufbewahrt? - Kaki Persimon\u00ae","isPartOf":{"@id":"https:\/\/kaki.persimon.eu\/de\/#website"},"datePublished":"2020-11-04T15:55:35+00:00","dateModified":"2020-11-16T16:16:02+00:00","description":"Denken Sie daran, dass Kakis der Marke \u201ePersimon\u00ae\u201c verzehrfertig sind. Man muss nicht warten, bis sie reif sind, obwohl man sie eine Zeit lang in der Obstschale lassen kann, wenn man einen h\u00f6heren Reifegrad w\u00fcnscht.","breadcrumb":{"@id":"https:\/\/kaki.persimon.eu\/de\/kaki-persimon\/wie-wird-sie-aufbewahrt\/#breadcrumb"},"inLanguage":"de","potentialAction":[{"@type":"ReadAction","target":["https:\/\/kaki.persimon.eu\/de\/kaki-persimon\/wie-wird-sie-aufbewahrt\/"]}]},{"@type":"BreadcrumbList","@id":"https:\/\/kaki.persimon.eu\/de\/kaki-persimon\/wie-wird-sie-aufbewahrt\/#breadcrumb","itemListElement":[{"@type":"ListItem","position":1,"name":"Inicio","item":"https:\/\/kaki.persimon.eu\/de\/"},{"@type":"ListItem","position":2,"name":"Kaki Persimon\u00ae","item":"https:\/\/kaki.persimon.eu\/de\/kaki-persimon\/"},{"@type":"ListItem","position":3,"name":"Wie wird sie aufbewahrt?"}]},{"@type":"WebSite","@id":"https:\/\/kaki.persimon.eu\/de\/#website","url":"https:\/\/kaki.persimon.eu\/de\/","name":"Kaki Persimon\u00ae","description":"Kaki Persimon\u00ae la marca de la Denominaci\u00f3n de Origen Protegida \u201cKaki Ribera del X\u00faquer\u201d","publisher":{"@id":"https:\/\/kaki.persimon.eu\/de\/#organization"},"potentialAction":[{"@type":"SearchAction","target":{"@type":"EntryPoint","urlTemplate":"https:\/\/kaki.persimon.eu\/de\/?s={search_term_string}"},"query-input":{"@type":"PropertyValueSpecification","valueRequired":true,"valueName":"search_term_string"}}],"inLanguage":"de"},{"@type":"Organization","@id":"https:\/\/kaki.persimon.eu\/de\/#organization","name":"D.O.P Kaki Ribera del X\u00faquer","url":"https:\/\/kaki.persimon.eu\/de\/","logo":{"@type":"ImageObject","inLanguage":"de","@id":"https:\/\/kaki.persimon.eu\/de\/#\/schema\/logo\/image\/","url":"https:\/\/kaki.persimon.eu\/wp-content\/uploads\/2019\/09\/logo-dop-kaki.png","contentUrl":"https:\/\/kaki.persimon.eu\/wp-content\/uploads\/2019\/09\/logo-dop-kaki.png","width":227,"height":227,"caption":"D.O.P Kaki Ribera del X\u00faquer"},"image":{"@id":"https:\/\/kaki.persimon.eu\/de\/#\/schema\/logo\/image\/"},"sameAs":["https:\/\/www.facebook.com\/kakipersimonDOP\/","https:\/\/www.instagram.com\/kakipersimon_\/","https:\/\/www.youtube.com\/channel\/UC7Jcl7rqySAcWf0V1axJ7Bg"]}]}},"_links":{"self":[{"href":"https:\/\/kaki.persimon.eu\/de\/wp-json\/wp\/v2\/pages\/2662","targetHints":{"allow":["GET"]}}],"collection":[{"href":"https:\/\/kaki.persimon.eu\/de\/wp-json\/wp\/v2\/pages"}],"about":[{"href":"https:\/\/kaki.persimon.eu\/de\/wp-json\/wp\/v2\/types\/page"}],"author":[{"embeddable":true,"href":"https:\/\/kaki.persimon.eu\/de\/wp-json\/wp\/v2\/users\/1"}],"replies":[{"embeddable":true,"href":"https:\/\/kaki.persimon.eu\/de\/wp-json\/wp\/v2\/comments?post=2662"}],"version-history":[{"count":8,"href":"https:\/\/kaki.persimon.eu\/de\/wp-json\/wp\/v2\/pages\/2662\/revisions"}],"predecessor-version":[{"id":2743,"href":"https:\/\/kaki.persimon.eu\/de\/wp-json\/wp\/v2\/pages\/2662\/revisions\/2743"}],"up":[{"embeddable":true,"href":"https:\/\/kaki.persimon.eu\/de\/wp-json\/wp\/v2\/pages\/2659"}],"wp:attachment":[{"href":"https:\/\/kaki.persimon.eu\/de\/wp-json\/wp\/v2\/media?parent=2662"}],"curies":[{"name":"wp","href":"https:\/\/api.w.org\/{rel}","templated":true}]}}